{"id":1169,"date":"2024-12-29T16:29:00","date_gmt":"2024-12-29T15:29:00","guid":{"rendered":"https:\/\/www.embutidosmediterraneo.com\/condicions-de-compra\/"},"modified":"2025-03-16T17:12:13","modified_gmt":"2025-03-16T16:12:13","slug":"condicions-de-compra","status":"publish","type":"page","link":"https:\/\/www.embutidosmediterraneo.com\/ca\/condicions-de-compra\/","title":{"rendered":"Condicions de Compra"},"content":{"rendered":"\n<p>Les presents CONDICIONS DE COMPRA, juntament amb les CONDICIONS GENERALS, POL\u00cdTICA DE PRIVACITAT, conformen el contracte \u00edntegre a trav\u00e9s del qual es regulen les condicions de compravenda dels PRODUCTES.<\/p>\n\n<p>L&#8217;acc\u00e9s al lloc web o el seu \u00fas per part de l&#8217;USUARI, aix\u00ed com la compra online de qualsevol PRODUCTE, implica necess\u00e0riament i sense reserves, el coneixement i l&#8217;acceptaci\u00f3 de les presents CONDICIONS DE COMPRA; per la qual cosa es recomana llegir-les detingudament abans de formalitzar la compra del PRODUCTE.<\/p>\n\n<p>Aquest comerciant es compromet a no permetre cap transacci\u00f3 que sigui il\u00b7legal, o que sigui considerada per les marques de targetes de cr\u00e8dit o el banc adquirent, que pugui o tingui el potencial de danyar la bona voluntat d&#8217;aquests o influir de manera negativa en ells. Les seg\u00fcents activitats estan prohibides en virtut dels programes de les marques de targetes: la venda o oferta d&#8217;un producte o servei que no sigui de plena conformitat amb totes les lleis aplicables al Comprador, Banc Emissor, Comerciant, Titular de la targeta, o targetes. <\/p>\n\n<h2 class=\"wp-block-heading\">1. Com comprar els PRODUCTES?<\/h2>\n\n<p>Per poder realitzar una compra online de PRODUCTES, l&#8217;USUARI haur\u00e0 de registrar-se omplint el Formulari facilitat en aquest lloc web.<\/p>\n\n<p>Un cop omplert el Formulari, llegides i acceptades les CONDICIONS GENERALS i la POL\u00cdTICA DE PRIVACITAT, enviar\u00e0 el formulari i rebr\u00e0 un correu electr\u00f2nic a l&#8217;adre\u00e7a facilitada per confirmar el registre i poder comen\u00e7ar a realitzar la compra online amb el seu usuari i contrasenya personal i intransferibles.<\/p>\n\n<p>Per realitzar la compra online, podr\u00e0 seleccionar els PRODUCTES oferts. Seleccionant cada PRODUCTE podr\u00e0 veure la informaci\u00f3 b\u00e0sica de cadascun. La Filosofia de GRUPo MEDITERR\u00c1NEO \u00e9s seleccionar PRODUCTES frescos i de proximitat, el que pot suposar que aquesta informaci\u00f3 pugui variar. Per tant, li preguem que es posi en contacte amb el nostre SERVEI D&#8217;ATENCI\u00d3 AL CLIENT trucant al 645 670 296 o escrivint a info@embutidosmediterraneo.com per poder subministrar-li tota la informaci\u00f3 que necessiti de cada PRODUCTE.   <\/p>\n\n<p>Un cop seleccionada LA SEVA CISTELLA DE LA COMPRA, podr\u00e0 formalitzar la compra d&#8217;aquesta, seleccionant l&#8217;opci\u00f3 de FINALITZAR I PAGAR per a la tramitaci\u00f3 de la seva comanda (en endavant, la COMANDA).<\/p>\n\n<p>En aquell moment, l&#8217;USUARI haur\u00e0 de facilitar les dades identificatives, de contacte, pagament i enviament de la COMANDA que se sol\u00b7licitin.<\/p>\n\n<p>A continuaci\u00f3, GRUPO MEDITERR\u00c1NEO enviar\u00e0 un correu electr\u00f2nic a l&#8217;USUARI confirmant que la COMANDA ha estat acceptada (en endavant CONFIRMACI\u00d3 DE LA COMANDA). El contracte entre l&#8217;USUARI i GRUPO MEDITERR\u00c1NEO quedar\u00e0 finalment formalitzat un cop GRUPO MEDITERR\u00c1NEO hagi enviat a l&#8217;USUARI la CONFIRMACI\u00d3 DE LA COMANDA. Seran objecte del contracte \u00fanicament aquells PRODUCTES indicats en la COMANDA.  <\/p>\n\n<p>L&#8217;USUARI ser\u00e0 informat mitjan\u00e7ant correu electr\u00f2nic que la COMANDA est\u00e0 sent enviada (en endavant CONFIRMACI\u00d3 D&#8217;ENVIAMENT). Aix\u00ed mateix, l&#8217;USUARI registrat al lloc web pot comprovar l&#8217;estat de la seva comanda a l&#8217;apartat LA MEVA COMPTE o posant-se en contacte amb el nostre SERVEI D&#8217;ATENCI\u00d3 AL CLIENT trucant al 645 670 296 o escrivint a info@embutidosmediterraneo.com. <\/p>\n\n<p>En cas que l&#8217;USUARI hagi facilitat dades err\u00f2nies, podr\u00e0 modificar-les a l&#8217;apartat LA MEVA COMPTE; aquestes dades seran aplicables per a futures compres. En cas que l&#8217;error es refereixi a la comanda en curs, l&#8217;USUARI haur\u00e0 de contactar amb el nostre SERVEI D&#8217;ATENCI\u00d3 AL CLIENT trucant al 645 670 296 o escrivint a info@embutidosmediterraneo.com. <\/p>\n\n<h2 class=\"wp-block-heading\">2. Disponibilitat dels PRODUCTES<\/h2>\n\n<p>Tots els COMANDES estan subjectes a la disponibilitat dels PRODUCTES. En cas que, un cop enviada la CONFIRMACI\u00d3 DE LA COMANDA, GRUPO MEDITERR\u00c1NEO no pugui disposar del PRODUCTE sol\u00b7licitat per qualsevol circumst\u00e0ncia, es posar\u00e0 en contacte amb l&#8217;USUARI a la major brevetat possible comunicant-li aquest fet. En tal cas, GRUPO MEDITERR\u00c1NEO podr\u00e0:  <\/p>\n\n<p>a) Oferir a l&#8217;USUARI, sense augment de preu, un producte de caracter\u00edstiques i especificacions similars a les inicialment sol\u00b7licitades, sempre que aquestes siguin acordes amb les necessitats de l&#8217;USUARI.<\/p>\n\n<p>b) Oferir a l&#8217;USUARI deixar sense efecte la COMANDA sol\u00b7licitada, reintegrant-li l&#8217;import pagat per la mateixa.<\/p>\n\n<h2 class=\"wp-block-heading\">3. Anul\u00b7laci\u00f3 d&#8217;una COMANDA<\/h2>\n\n<p>Encara que GRUPO MEDITERR\u00c1NEO far\u00e0 tot el possible per tramitar sempre totes les COMANDES, poden sorgir circumst\u00e0ncies excepcionals que obliguin a rebutjar la tramitaci\u00f3 d&#8217;alguna COMANDA despr\u00e9s d&#8217;haver enviat la CONFIRMACI\u00d3 DE LA COMANDA. En aquest cas, GRUPO MEDITERR\u00c1NEO es reserva el dret de fer-ho en qualsevol moment, enviant un correu electr\u00f2nic on es justifiquin les raons de la impossibilitat de tramitar la COMANDA i oferint en tot moment un PRODUCTE que satisfaci al USUARI al 100%. <\/p>\n\n<h2 class=\"wp-block-heading\">4. Garanties<\/h2>\n\n<p>Tots els PRODUCTES continguts en el lloc web estan completament garantits amb la GARANTIA 100%, la qual consisteix en el ple compliment dels punts seg\u00fcents:<\/p>\n\n<p>1. Et sortir\u00e0 b\u00e9! Si no est\u00e0s satisfet amb la compra, et canviem el producte o et retornem els diners. No cal que ens donis cap explicaci\u00f3 ni que ens retornis el producte.  <\/p>\n\n<p>2. Data correcta! Si trobes algun producte caducat a la botiga, et donarem un altre amb la data correcta totalment gratu\u00eft. <\/p>\n\n<p>3. Sempre fresc! Si no t\u2019agrada la carn o l\u2019embotit que has comprat, te\u2019l canviarem o et tornarem els diners. <\/p>\n\n<p>4. Preus exactes! Si el preu marcat a la web i el preu del tiquet de caixa no s\u00f3n iguals, et regalem una unitat del producte comprat. <\/p>\n\n<p>5. \u00a1Oferta garantida! Si el producte envasat en oferta s&#8217;ha acabat, demana la quantitat que vulguis a preu d&#8217;oferta i quan arribi te&#8217;l guardarem. <\/p>\n\n<h2 class=\"wp-block-heading\">5. Enviament dels PEDIDOS<\/h2>\n\n<p>Tots els PEDIDOS es preparen i s\u2019envien en un termini m\u00e0xim de 24 hores des de la CONFIRMACI\u00d3 DEL PEDIDO.<\/p>\n\n<p>Tots els nostres lliuraments es realitzen des del centre log\u00edstic de GRUPO MEDITERR\u00c1NEO.<\/p>\n\n<p>Les zones de repartiment s\u00f3n les indicades a l\u2019apartat corresponent. <a href=\"https:\/\/compra.plusfresc.cat\/delivery-zones\" target=\"_blank\" rel=\"noreferrer noopener\">https:\/\/www.embutidosmediterraneo.com\/delivery-zones <\/a>.<\/p>\n\n<p>GRUPO MEDITERR\u00c1NEO s\u2019encarregar\u00e0 de gestionar l\u2019enviament i lliurament del PEDIDO, aix\u00ed com d\u2019informar l\u2019USUARI sobre l\u2019estat i seguiment del seu enviament.<\/p>\n\n<p>El PEDIDO ser\u00e0 transportat en furgonetes refrigerades. Estan equipades amb espais diferenciats per temperatura per mantenir la cadena de fred i garantir la correcta conservaci\u00f3 dels aliments. A GRUPO MEDITERR\u00c1NEO ens responsabilitzem del medi ambient, i una de les accions que emprenem \u00e9s l\u2019\u00fas de bosses compostables per fer-te arribar la teva compra a casa. La compra es lliura amb la GARANTIA 100% GRUPO MEDITERR\u00c1NEO: si no est\u00e0s satisfet amb un producte o servei, t\u2019ho arreglem o et tornem els diners.   <\/p>\n\n<h2 class=\"wp-block-heading\">6. Lliurament dels PRODUCTES<\/h2>\n\n<p>Un cop enviada la CONFIRMACI\u00d3 DE LLIURAMENT, els PRODUCTES es lliuraran a l\u2019adre\u00e7a indicada per l\u2019USUARI en realitzar el PEDIDO.<\/p>\n\n<p>GRUPO MEDITERR\u00c1NEO no assumeix cap responsabilitat quan la lliurament del PRODUCTE no es realitzi com a conseq\u00fc\u00e8ncia que les dades facilitades per l\u2019USUARI siguin falses, inexactes o incompletes, o quan el lliurament no es pugui efectuar per causes alienes a l&#8217;empresa de repartiment assignada per a aquest efecte, com ara l&#8217;abs\u00e8ncia de l&#8217;USUARI o que l\u2019adre\u00e7a de lliurament es trobi fora de la ZONA DE REPARTIMENT.<\/p>\n\n<h2 class=\"wp-block-heading\">7. Despeses d&#8217;enviament<\/h2>\n\n<p>Els costos d&#8217;enviament s\u00f3n els establerts en cada cas concret en aquest lloc web.<\/p>\n\n<p>Actualment, els costos d&#8217;enviament s\u00f3n els seg\u00fcents:<\/p>\n\n<p>Costos GRATU\u00cfTS per compres superiors a 75\u20ac (IVA incl\u00f2s). Per compres inferiors, ser\u00e0 de 10\u20ac (IVA incl\u00f2s). <\/p>\n\n<p>\u00c9s possible que durant per\u00edodes promocionals els costos d&#8217;enviament siguin gratu\u00efts. Aquestes i altres promocions es indicaran de manera clara al lloc web.<\/p>\n\n<h2 class=\"wp-block-heading\">8. Preu i pagament dels PRODUCTES<\/h2>\n\n<p>Els preus aplicables a cada PRODUCTE seran els publicats al lloc web en la data en qu\u00e8 l&#8217;USUARI realitzi la COMANDA en euros (\u20ac).<\/p>\n\n<p>Malgrat que GRUPO MEDITERRANEO intenta assegurar-se que tots els preus que figuren al lloc web s\u00f3n correctes, poden produir-se errors. En cas que GRUPO MEDITERRANEO descobreixi un error en el preu d&#8217;algun dels PRODUCTES sol\u00b7licitats, s&#8217;informar\u00e0 a l&#8217;USUARI perqu\u00e8 pugui reconfirmar la COMANDA al preu correcte o b\u00e9 anul\u00b7lar-la. Si GRUPO MEDITERRANEO no aconsegueix posar-se en contacte amb l&#8217;USUARI, la COMANDA es considerar\u00e0 cancel\u00b7lada i s&#8217;hi reemborsaran \u00edntegrament les quantitats que hagu\u00e9s abonat.  <\/p>\n\n<p>GRUPO MEDITERRANEO no estar\u00e0 obligat a subministrar a l&#8217;USUARI cap PRODUCTE al preu inferior incorrecte (fins i tot si s&#8217;ha enviat la CONFIRMACI\u00d3 D&#8217;ENVIAMENT) si l&#8217;error en el preu \u00e9s obvi i inequ\u00edvoc, i hauria pogut ser reconegut de forma raonable per l&#8217;USUARI com a preu incorrecte.<\/p>\n\n<p id=\"pagament\">Els preus poden canviar en qualsevol moment. No obstant aix\u00f2, els possibles canvis no afectaran els PRODUCTES pel que fa als quals GRUPO MEDITERRANEO ja hagi enviat la CONFIRMACI\u00d3 D&#8217;ENVIAMENT. <\/p>\n\n<p>Tots els preus dels PRODUCTES, les despeses d&#8217;enviament i altres serveis inclouen l&#8217;Impost sobre el Valor Afegit (IVA). Les despeses d&#8217;enviament s&#8217;afegeixen per comanda. GRUPO MEDITERRANEO informar\u00e0 del preu total, incloent-hi tots els impostos i altres costos com taxes i possibles despeses d&#8217;entrega.  <\/p>\n\n<p>GRUPO MEDITERRANEO emetr\u00e0 la factura en format electr\u00f2nic; no obstant aix\u00f2, el USUARI podr\u00e0 indicar en qualsevol moment la seva voluntat de rebre una factura en format paper, en aquest cas, s&#8217;emetr\u00e0 i s&#8217;enviar\u00e0 la factura juntament amb la COMANDA.<\/p>\n\n<h2 class=\"wp-block-heading\">9. Forma de pagament<\/h2>\n\n<p>El USUARI podr\u00e0 efectuar el pagament mitjan\u00e7ant targetes de cr\u00e8dit o d\u00e8bit Visa, Visa Electron, Mastercard o Bizum. Per minimitzar el risc d&#8217;acc\u00e9s no autoritzat, es codificaran les dades de la targeta de cr\u00e8dit de l&#8217;USUARI. Tant si la forma de pagament es realitza mitjan\u00e7ant targeta de cr\u00e8dit o d\u00e8bit, EL C\u00c0RREC NO S&#8217;EFECTUAR\u00c0 FINS AL MOMENT EN QU\u00c8 GRUPO MEDITERRANEO ENV\u00cfI LA CONFIRMACI\u00d3 D&#8217;ENVIAMENT.  <\/p>\n\n<p>El tipus d&#8217;IVA aplicable ser\u00e0 el legalment vigent a Espanya en cada moment en funci\u00f3 del PRODUCTE concret del qual es tracti.<\/p>\n\n<p>Si hi ha alguna dificultat en realitzar la COMANDA i\/o navegar pel lloc web, l&#8217;USUARI pot contactar amb el nostre SERVEI D&#8217;ATENCI\u00d3 AL CLIENT trucant al 645 670 296 o escrivint a info@embutidosmediterraneo.com.<\/p>\n\n<p>GRUPO MEDITERRANEO es compromet a protegir la informaci\u00f3 personal dels seus USUARIS, i concreta que no emmagatzemar\u00e0 les dades del mitj\u00e0 de pagament escollit; per tant, l&#8217;USUARI haur\u00e0 de proporcionar aquesta informaci\u00f3 cada vegada que faci una compra al lloc web.<\/p>\n\n<p>Les targetes de pagament i altres mitjans de pagament estaran subjectes a comprovacions i autoritzacions per part de l&#8217;entitat emissora de les mateixes, per\u00f2 si aquesta entitat no autoritza el pagament, GRUPO MEDITERRANEO no es far\u00e0 responsable de cap retard o falta de lliurament i no podr\u00e0 formalitzar cap contracte amb l&#8217;USUARI.<\/p>\n\n<h2 class=\"wp-block-heading\">10. Devolucions i canvis dels PRODUCTES<\/h2>\n\n<p>Tots els PRODUCTES continguts al lloc web i distribu\u00efts a les nostres botigues GRUPO MEDITERRANEO estan completament garantits amb la GARANTIA 100% GRUPO MEDITERRANEO. Si no est\u00e0s satisfet amb algun producte o servei, t&#8217;ho arreglem al moment o et retornem l&#8217;import, la qual consisteix en el ple compliment dels seg\u00fcents 5 punts:<\/p>\n\n<p>1. Et sortir\u00e0 b\u00e9! Si no est\u00e0s satisfet amb la compra, et canviem el producte o et retornem els diners. No cal que ens donis cap explicaci\u00f3 ni que ens retornis el producte.  <\/p>\n\n<p>2. Data correcta! Si trobes algun producte caducat a la botiga, et donarem un altre amb la data correcta totalment gratu\u00eft. <\/p>\n\n<p>3. \u00a1Sempre fresc! Si no t&#8217;agrada la fruita, la verdura, la carn o el peix que has comprat, te&#8217;l canviem o et retornem els diners. <\/p>\n\n<p>4. \u00a1Preus exactes! Si el preu marcat a l&#8217;estanteria i el preu del tiquet de caixa no s\u00f3n iguals, et regalem una unitat del producte comprat. <\/p>\n\n<p>5. \u00a1Oferta garantida! Si el producte envasat en oferta s&#8217;ha acabat, demana la quantitat que vulguis a preu d&#8217;oferta i quan arribi te&#8217;l guardarem. <\/p>\n\n<p>Per procedir a la devoluci\u00f3 del PRODUCTE, l&#8217;USUARI pot contactar amb el nostre SERVEI D&#8217;ATENCI\u00d3 AL CLIENT trucant al 645 670 296 o escrivint a info@embutidosmediterraneo.com.<\/p>\n\n<p>Asimismo, para cualquier incidencia y\/o cuesti\u00f3n relacionada con su compra online puede consultar el siguiente enlace https:\/\/www.embutidosmediterraneo.com\/faqs ; o bien contactar con nuestro SERVICIO DE ATENCI\u00d3N AL CLIENTE llamando al 645 670 296 o escribiendo a info@embutidosmediterraneo.com.<\/p>\n\n<h2 class=\"wp-block-heading\">11 Dret de desistiment<\/h2>\n\n<p>En aquells casos en qu\u00e8 sigui aplicable el dret de desistiment, podr\u00e0 exercir-lo en un termini de catorze (14) dies naturals. Aquest termini comen\u00e7ar\u00e0 a comptar des del moment en qu\u00e8 hagi rebut el producte, sense necessitat de justificaci\u00f3 i sense cap penalitzaci\u00f3. <\/p>\n\n<p>D&#8217;acord amb l&#8217;article 103 del Reial decret legislatiu 1\/2007, de 16 de novembre, pel qual s&#8217;aprova el text ref\u00f3s de la Llei General per a la Defensa dels Consumidors i Usuaris i altres lleis complement\u00e0ries, aplicant les excepcions que ens afecten en el nostre sector concret, el dret de desistiment del text ref\u00f3s de la Llei General per a la Defensa dels Consumidors i Usuaris i altres lleis complement\u00e0ries no ser\u00e0 d&#8217;aplicaci\u00f3 als contractes que es refereixin a:<\/p>\n\n<p>\u2022 El subministrament de b\u00e9ns que es puguin deteriorar o caducar amb rapidesa.<\/p>\n\n<p>\u2022 El subministrament de b\u00e9ns precintats que no siguin aptes per a ser retornats per raons de protecci\u00f3 de la salut o d\u2019higiene i que hagin estat desprecintats despr\u00e9s de la seva entrega.<\/p>\n\n<p>\u2022 El subministrament de b\u00e9ns que, despr\u00e9s de la seva entrega i tenint en compte la seva naturalesa, s&#8217;hagin barrejat de forma indisociable amb altres b\u00e9ns.<\/p>\n\n<p>\u2022 El subministrament de begudes alcoh\u00f2liques el preu de les quals hagi estat acordat en el moment de celebrar el contracte de venda i que no es poden entregar abans de 30 dies, i el valor real de les quals dep\u00e8n de fluctuacions del mercat que l&#8217;empresari no pot controlar.<\/p>\n\n<p>Para ejercitar el derecho de desistimiento, el usuario deber\u00e1 enviar electr\u00f3nicamente el formulario de desistimiento que se incorpora \u201c<strong>aqu\u00ed<\/strong>\u201d a la direcci\u00f3n info@embutidosmediterraneo.com. En caso de que opte por desistir del Contrato, GRUPO MEDITERRANEO le comunicar\u00e1 lo antes posible por correo electr\u00f3nico la recepci\u00f3n de su desistimiento. <\/p>\n\n<p>GRUPO MEDITERRANEO li reemborsar\u00e0 el preu del producte o productes i els costos ordinari de l&#8217;enviament corresponents seguint la pol\u00edtica d&#8217;aplicaci\u00f3 de les 5 garanties GRUPO MEDITERRANEO, responent al client amb la major celeritat possible un cop rebuda la recepci\u00f3 de la comunicaci\u00f3. En cas que hagi adquirit diversos productes en una mateixa comanda, podr\u00e0 exercir el dret de desistiment sobre algun o alguns d&#8217;ells, reemborsant-li GRUPO MEDITERRANEO el preu d&#8217;aquests productes. <\/p>\n\n<p>GRUPO MEDITERRANEO realitzar\u00e0 el reemborsament a trav\u00e9s del mitj\u00e0 de pagament que hagi utilitzat per la comanda inicial, llevat que hagi indicat expressament el contrari. En tot cas, GRUPO MEDITERRANEO no assumir\u00e0 cap cost derivat del reemborsament. En cas que el mitj\u00e0 de pagament que hagi triat comporti algun cost per a GRUPO MEDITERRANEO en cas de reemborsament, li informarem d&#8217;aquest cost, que no ser\u00e0 mai superior al que GRUPO MEDITERRANEO pugui suportar.  <\/p>\n","protected":false},"excerpt":{"rendered":"<p>Les presents CONDICIONS DE COMPRA, juntament amb les CONDICIONS GENERALS, POL\u00cdTICA DE PRIVACITAT, conformen el contracte \u00edntegre a trav\u00e9s del qual es regulen les condicions de compravenda dels PRODUCTES. L&#8217;acc\u00e9s [&hellip;]<\/p>\n","protected":false},"author":1,"featured_media":0,"parent":0,"menu_order":0,"comment_status":"closed","ping_status":"closed","template":"","meta":{"footnotes":""},"class_list":["post-1169","page","type-page","status-publish","hentry"],"_links":{"self":[{"href":"https:\/\/www.embutidosmediterraneo.com\/ca\/wp-json\/wp\/v2\/pages\/1169","targetHints":{"allow":["GET"]}}],"collection":[{"href":"https:\/\/www.embutidosmediterraneo.com\/ca\/wp-json\/wp\/v2\/pages"}],"about":[{"href":"https:\/\/www.embutidosmediterraneo.com\/ca\/wp-json\/wp\/v2\/types\/page"}],"author":[{"embeddable":true,"href":"https:\/\/www.embutidosmediterraneo.com\/ca\/wp-json\/wp\/v2\/users\/1"}],"replies":[{"embeddable":true,"href":"https:\/\/www.embutidosmediterraneo.com\/ca\/wp-json\/wp\/v2\/comments?post=1169"}],"version-history":[{"count":1,"href":"https:\/\/www.embutidosmediterraneo.com\/ca\/wp-json\/wp\/v2\/pages\/1169\/revisions"}],"predecessor-version":[{"id":1170,"href":"https:\/\/www.embutidosmediterraneo.com\/ca\/wp-json\/wp\/v2\/pages\/1169\/revisions\/1170"}],"wp:attachment":[{"href":"https:\/\/www.embutidosmediterraneo.com\/ca\/wp-json\/wp\/v2\/media?parent=1169"}],"curies":[{"name":"wp","href":"https:\/\/api.w.org\/{rel}","templated":true}]}}