{"id":1178,"date":"2024-12-29T15:59:06","date_gmt":"2024-12-29T14:59:06","guid":{"rendered":"https:\/\/www.embutidosmediterraneo.com\/politica-de-devolucions-i-reemborsaments\/"},"modified":"2025-03-16T17:42:43","modified_gmt":"2025-03-16T16:42:43","slug":"politica-de-devolucions-i-reemborsaments","status":"publish","type":"page","link":"https:\/\/www.embutidosmediterraneo.com\/ca\/politica-de-devolucions-i-reemborsaments\/","title":{"rendered":"Pol\u00edtica de devolucions i reemborsaments"},"content":{"rendered":"\n<p>La nostra pol\u00edtica de reemborsaments i devolucions t\u00e9 una durada de 30 dies. Si han passat 30 dies des de la teva compra, no podem oferir-te un reemborsament complet ni un canvi. <\/p>\n\n<p>Per ser elegible per a una devoluci\u00f3, l&#8217;article ha d&#8217;estar sense utilitzar i en les mateixes condicions en qu\u00e8 el vas rebre. Tamb\u00e9 ha d&#8217;estar en el seu embalatge original. <\/p>\n\n<p>Diversos tipus de productes estan exempts de devoluci\u00f3. No es poden retornar b\u00e9ns pereceders com aliments, flors, diaris o revistes. Tampoc acceptem productes \u00edntims o sanitaris, materials perillosos, l\u00edquids o gasos inflamables.  <\/p>\n\n<h2 class=\"wp-block-heading\">Articles addicionals que no poden ser retornats:<\/h2>\n\n<ul class=\"wp-block-list\">\n<li>Targetes de regal<\/li>\n<\/ul>\n\n<p>Per completar la teva devoluci\u00f3, necessitem un rebut o comprovant de compra. <br\/>Si us plau, no envi\u00efs la teva compra de tornada al fabricant.<\/p>\n\n<h2 class=\"wp-block-heading\">Situacions en qu\u00e8 nom\u00e9s s&#8217;atorgaran reemborsaments parcials:<\/h2>\n\n<ul class=\"wp-block-list\">\n<li>Llibres amb signes evidents d&#8217;\u00fas<\/li>\n\n\n\n<li>CD, DVD, cintes VHS, programari, videojocs, cintes de caset o discs de vinil que hagin estat oberts<\/li>\n\n\n\n<li>Qualsevol article que no estigui en la seva condici\u00f3 original, estigui danyat o li falten peces per raons alienes al nostre error<\/li>\n\n\n\n<li>Qualsevol article retornat m\u00e9s de 30 dies despr\u00e9s de la entrega<\/li>\n<\/ul>\n\n<h2 class=\"wp-block-heading\">Reemborsaments<\/h2>\n\n<p>Un cop haguem rebut i inspeccionat la teva devoluci\u00f3, t&#8217;enviarem un correu electr\u00f2nic per notificar-te que hem rebut el teu article retornat. Tamb\u00e9 t&#8217;informarem sobre l&#8217;aprovaci\u00f3 o rebuig del teu reemborsament. <\/p>\n\n<p>Si s&#8217;aprova, el reemborsament ser\u00e0 processat i el cr\u00e8dit s&#8217;aplicar\u00e0 autom\u00e0ticament a la teva targeta de cr\u00e8dit o m\u00e8tode original de pagament, en uns dies.<\/p>\n\n<h2 class=\"wp-block-heading\">Reemborsaments tardans o que falten<\/h2>\n\n<p>Si encara no has rebut el teu reemborsament, primer comprova novament el teu compte bancari. <br\/>Despr\u00e9s, contacta amb la teva companyia de targeta de cr\u00e8dit, ja que pot passar temps abans que el reemborsament sigui registrat oficialment. <br\/>A continuaci\u00f3, contacta amb el teu banc. Sovint hi ha un temps de processament abans que el reemborsament sigui registrat. <br\/>Si has fet tot aix\u00f2 i encara no has rebut el teu reemborsament, si us plau contacta&#8217;ns a {correu electr\u00f2nic}. <\/p>\n\n<h2 class=\"wp-block-heading\">Articles en oferta<\/h2>\n\n<p>Nom\u00e9s els articles a preu regular poden ser reemborsats. Els articles en oferta no poden ser reemborsats. <\/p>\n\n<h2 class=\"wp-block-heading\">Canvis<\/h2>\n\n<p>Nom\u00e9s substitu\u00efm articles si estan defectuosos o danyats. Si necessites canviar-lo pel mateix article, envia&#8217;ns un correu electr\u00f2nic a {correu electr\u00f2nic} i envia el teu article a: {adre\u00e7a f\u00edsica}. <\/p>\n\n<h2 class=\"wp-block-heading\">Regals<\/h2>\n\n<p>Si l&#8217;article va ser marcat com a regal en el moment de la compra i es va enviar directament a tu, rebr\u00e0s un cr\u00e8dit pel valor de la teva devoluci\u00f3. Un cop rebem l&#8217;article retornat, se t&#8217;enviar\u00e0 un certificat de regal. <\/p>\n\n<p>Si l&#8217;article no va ser marcat com a regal en el moment de la compra, o el comprador l&#8217;ha enviat a si mateix per lliurar-te&#8217;l m\u00e9s tard, enviarem el reembossament al comprador original, qui ser\u00e0 informat de la teva devoluci\u00f3.<\/p>\n\n<h2 class=\"wp-block-heading\">Devolucions per enviament<\/h2>\n\n<p>Per retornar el teu producte, has d&#8217;enviar-lo a:<\/p>\n\n<p>Ser\u00e0s responsable de pagar els costos d&#8217;enviament de la devoluci\u00f3. Els costos d&#8217;enviament no s\u00f3n reemborsables. Si reps un reemborsament, el cost de l&#8217;enviament de la devoluci\u00f3 es deduir\u00e0 del teu reemborsament.  <\/p>\n\n<p>Depenent d&#8217;on visquis, el temps que trigui a rebre el producte canviat pot variar.<\/p>\n\n<p>Si est\u00e0s retornant articles costosos, considera utilitzar un servei d&#8217;enviament rastreable o comprar un asseguran\u00e7a d&#8217;enviament. No garantim que rebrem el teu article retornat. <\/p>\n\n<h2 class=\"wp-block-heading\">Necessites ajuda?<\/h2>\n\n<p>Contacta&#8217;ns a info@embutidosmediterraneo.com per a qualsevol pregunta relacionada amb reemborsaments i devolucions.<\/p>\n","protected":false},"excerpt":{"rendered":"<p>La nostra pol\u00edtica de reemborsaments i devolucions t\u00e9 una durada de 30 dies. Si han passat 30 dies des de la teva compra, no podem oferir-te un reemborsament complet ni [&hellip;]<\/p>\n","protected":false},"author":1,"featured_media":0,"parent":0,"menu_order":0,"comment_status":"closed","ping_status":"closed","template":"","meta":{"footnotes":""},"class_list":["post-1178","page","type-page","status-publish","hentry"],"_links":{"self":[{"href":"https:\/\/www.embutidosmediterraneo.com\/ca\/wp-json\/wp\/v2\/pages\/1178","targetHints":{"allow":["GET"]}}],"collection":[{"href":"https:\/\/www.embutidosmediterraneo.com\/ca\/wp-json\/wp\/v2\/pages"}],"about":[{"href":"https:\/\/www.embutidosmediterraneo.com\/ca\/wp-json\/wp\/v2\/types\/page"}],"author":[{"embeddable":true,"href":"https:\/\/www.embutidosmediterraneo.com\/ca\/wp-json\/wp\/v2\/users\/1"}],"replies":[{"embeddable":true,"href":"https:\/\/www.embutidosmediterraneo.com\/ca\/wp-json\/wp\/v2\/comments?post=1178"}],"version-history":[{"count":1,"href":"https:\/\/www.embutidosmediterraneo.com\/ca\/wp-json\/wp\/v2\/pages\/1178\/revisions"}],"predecessor-version":[{"id":1179,"href":"https:\/\/www.embutidosmediterraneo.com\/ca\/wp-json\/wp\/v2\/pages\/1178\/revisions\/1179"}],"wp:attachment":[{"href":"https:\/\/www.embutidosmediterraneo.com\/ca\/wp-json\/wp\/v2\/media?parent=1178"}],"curies":[{"name":"wp","href":"https:\/\/api.w.org\/{rel}","templated":true}]}}