{"id":1180,"date":"2024-12-01T04:10:00","date_gmt":"2024-12-01T03:10:00","guid":{"rendered":"https:\/\/www.embutidosmediterraneo.com\/politica-de-privadesa\/"},"modified":"2025-03-16T17:55:06","modified_gmt":"2025-03-16T16:55:06","slug":"politica-de-privadesa","status":"publish","type":"page","link":"https:\/\/www.embutidosmediterraneo.com\/ca\/politica-de-privadesa\/","title":{"rendered":"Pol\u00edtica de privadesa"},"content":{"rendered":"\n<h2 class=\"wp-block-heading\">Qui som<\/h2>\n\n<p>L&#8217;adre\u00e7a de la nostra web \u00e9s: <a href=\"https:\/\/www.embutidosmediterraneo.com\/ca\/\">https:\/\/www.embutidosmediterraneo.com<\/a>.<\/p>\n\n<h2 class=\"wp-block-heading\">Comentaris<\/h2>\n\n<p>Quan els visitants deixen comentaris a la web, recopilem les dades que es mostren al formulari de comentaris, aix\u00ed com l&#8217;adre\u00e7a IP del visitant i la cadena d&#8217;agents d&#8217;usuari del navegador per ajudar a la detecci\u00f3 d&#8217;spam.<\/p>\n\n<p><a href=\"https:\/\/automattic.com\/privacy\/\">Una cadena an\u00f2nima creada a partir de la teva adre\u00e7a de correu electr\u00f2nic (tamb\u00e9 anomenada hash) pot ser proporcionada al servei de Gravatar per veure si l&#8217;est\u00e0s usant. La pol\u00edtica de privadesa del servei Gravatar est\u00e0 disponible aqu\u00ed: https:\/\/automattic.com\/privacy\/. Despr\u00e9s de l&#8217;aprovaci\u00f3 del vostre comentari, la imatge del vostre perfil \u00e9s visible per al p\u00fablic en el context del vostre comentari.<\/a>  <\/p>\n\n<h2 class=\"wp-block-heading\">Mitjans<\/h2>\n\n<p>Si puges imatges a la web, hauries d&#8217;evitar pujar imatges amb dades d&#8217;ubicaci\u00f3 (GPS EXIF) incloses. Els visitants de la web poden descarregar i extreure qualsevol dada d&#8217;ubicaci\u00f3 de les imatges de la web. <\/p>\n\n<h2 class=\"wp-block-heading\" id=\"cookies\">Cookies<\/h2>\n\n<p>Si deixes un comentari al nostre lloc pots triar desar el teu nom, adre\u00e7a de correu electr\u00f2nic i web a cookies. Aix\u00f2 \u00e9s per a la teva comoditat, perqu\u00e8 no hagis de tornar a emplenar les dades quan deixis un altre comentari. Aquestes galetes tindran una durada d&#8217;un any.  <\/p>\n\n<p>Si tens un compte i et connectes a aquest lloc, instal\u00b7larem una galeta temporal per determinar si el teu navegador accepta galetes. Aquesta galeta no cont\u00e9 dades personals i s&#8217;elimina en tancar el navegador. <\/p>\n\n<p>Quan hi accedeixis, tamb\u00e9 instal\u00b7larem diverses galetes per desar la teva informaci\u00f3 d&#8217;acc\u00e9s i les teves opcions de visualitzaci\u00f3 de pantalla. Les galetes d&#8217;acc\u00e9s duren dos dies i les galetes d&#8217;opcions de pantalla duren un any. Si seleccioneu \u00abRecordar-me\u00bb, el vostre acc\u00e9s perdurar\u00e0 durant dues setmanes. Si surts del teu compte, les galetes d&#8217;acc\u00e9s s&#8217;eliminaran.   <\/p>\n\n<p>Si edites o publiques un article es guardar\u00e0 una galeta addicional al teu navegador. Aquesta galeta no inclou dades personals i simplement indica l&#8217;ID de l&#8217;article que acabeu d&#8217;editar. Caduca despr\u00e9s d&#8217;un dia.  <\/p>\n\n<h2 class=\"wp-block-heading\">Contingut incrustat d&#8217;altres llocs web<\/h2>\n\n<p>Els articles d&#8217;aquest lloc web poden incloure contingut incrustat (per exemple, v\u00eddeos, imatges, articles, etc.). El contingut incrustat d&#8217;altres webs es comporta exactament de la mateixa manera que si el visitant hagu\u00e9s visitat l&#8217;altra web. <\/p>\n\n<p>Aquestes webs poden recopilar dades sobre tu, utilitzar cookies, incrustar un seguiment addicional de tercers, i supervisar la teva interacci\u00f3 amb aquest contingut incrustat, incl\u00f2s el seguiment de la teva interacci\u00f3 amb el contingut incrustat si tens un compte i est\u00e0s connectat a aquest web.<\/p>\n\n<h2 class=\"wp-block-heading\">Amb qui compartim les teves dades<\/h2>\n\n<p>Si sol\u00b7liciteu un restabliment de contrasenya, la vostra adre\u00e7a IP s&#8217;inclour\u00e0 al correu electr\u00f2nic de restabliment.<\/p>\n\n<h2 class=\"wp-block-heading\">Quant de temps conservem les teves dades<\/h2>\n\n<p>Si deixeu un comentari, el comentari i les seves metadades es conserven indefinidament. Aix\u00f2 \u00e9s perqu\u00e8 puguem recon\u00e8ixer i aprovar comentaris successius autom\u00e0ticament, en lloc de mantenir-los en una cua de moderaci\u00f3. <\/p>\n\n<p>Dels usuaris que es registren a la nostra web (si n&#8217;hi ha), tamb\u00e9 emmagatzemem la informaci\u00f3 personal que proporcionen al vostre perfil d&#8217;usuari. Tots els usuaris poden veure, editar o eliminar la vostra informaci\u00f3 personal en qualsevol moment (excepte que no poden canviar el vostre nom d&#8217;usuari). Els administradors de la web tamb\u00e9 poden veure i editar aquesta informaci\u00f3.  <\/p>\n\n<h2 class=\"wp-block-heading\">Quins drets tens sobre les teves dades<\/h2>\n\n<p>Si tens un compte o has deixat comentaris en aquesta web, pots sol\u00b7licitar rebre un fitxer d&#8217;exportaci\u00f3 de les dades personals que tenim sobre tu, incloent-hi qualsevol dada que ens hagis proporcionat. Tamb\u00e9 pots sol\u00b7licitar que eliminem qualsevol dada personal que tinguem sobre tu. Aix\u00f2 no inclou cap dada que estiguem obligats a conservar amb fins administratius, legals o de seguretat.  <\/p>\n\n<h2 class=\"wp-block-heading\">On s&#8217;envien les teves dades<\/h2>\n\n<p>Els comentaris dels visitants poden ser revisats per un servei de detecci\u00f3 autom\u00e0tica d&#8217;spam.<\/p>\n","protected":false},"excerpt":{"rendered":"<p>Qui som L&#8217;adre\u00e7a de la nostra web \u00e9s: https:\/\/www.embutidosmediterraneo.com. Comentaris Quan els visitants deixen comentaris a la web, recopilem les dades que es mostren al formulari de comentaris, aix\u00ed com [&hellip;]<\/p>\n","protected":false},"author":1,"featured_media":0,"parent":0,"menu_order":0,"comment_status":"closed","ping_status":"open","template":"","meta":{"footnotes":""},"class_list":["post-1180","page","type-page","status-publish","hentry"],"_links":{"self":[{"href":"https:\/\/www.embutidosmediterraneo.com\/ca\/wp-json\/wp\/v2\/pages\/1180","targetHints":{"allow":["GET"]}}],"collection":[{"href":"https:\/\/www.embutidosmediterraneo.com\/ca\/wp-json\/wp\/v2\/pages"}],"about":[{"href":"https:\/\/www.embutidosmediterraneo.com\/ca\/wp-json\/wp\/v2\/types\/page"}],"author":[{"embeddable":true,"href":"https:\/\/www.embutidosmediterraneo.com\/ca\/wp-json\/wp\/v2\/users\/1"}],"replies":[{"embeddable":true,"href":"https:\/\/www.embutidosmediterraneo.com\/ca\/wp-json\/wp\/v2\/comments?post=1180"}],"version-history":[{"count":3,"href":"https:\/\/www.embutidosmediterraneo.com\/ca\/wp-json\/wp\/v2\/pages\/1180\/revisions"}],"predecessor-version":[{"id":1183,"href":"https:\/\/www.embutidosmediterraneo.com\/ca\/wp-json\/wp\/v2\/pages\/1180\/revisions\/1183"}],"wp:attachment":[{"href":"https:\/\/www.embutidosmediterraneo.com\/ca\/wp-json\/wp\/v2\/media?parent=1180"}],"curies":[{"name":"wp","href":"https:\/\/api.w.org\/{rel}","templated":true}]}}