{"id":1141,"date":"2025-01-06T12:03:17","date_gmt":"2025-01-06T11:03:17","guid":{"rendered":"https:\/\/www.embutidosmediterraneo.com\/producto\/bull-blanc\/"},"modified":"2025-05-20T19:44:15","modified_gmt":"2025-05-20T17:44:15","slug":"bull-blanc","status":"publish","type":"product","link":"https:\/\/www.embutidosmediterraneo.com\/ca\/producto\/bull-blanc\/","title":{"rendered":"Bull Blanc"},"content":{"rendered":"<p>Els bulls s\u00f3n embotits exclusius i diferenciats que ofereixen una opci\u00f3 m\u00e9s robusta i saborosa, ideal per a aquells clients que busquen alguna cosa m\u00e9s contundent.<\/p>\n<p>Un embotit suau i crem\u00f3s, perfecte per a qui busca un sabor m\u00e9s neutre, per\u00f2 igualment d&#8217;alta qualitat.<\/p>\n<p>Preu per unitat, envasat al buit.<\/p>\n","protected":false},"excerpt":{"rendered":"<p>Un embotit suau i crem\u00f3s, perfecte per a aquells que busquen un sabor m\u00e9s neutre, per\u00f2 igualment d&#8217;alta qualitat.<a id=\"set-post-thumbnail\" class=\"thickbox\" href=\"https:\/\/www.embutidosmediterraneo.com\/wp-admin\/media-upload.php?post_id=1141&amp;type=image&amp;TB_iframe=1\">Establecer imagen del producto<\/a><\/p>\n<p>Preu per unitat, envasat al buit.<\/p>\n","protected":false},"featured_media":1003,"comment_status":"open","ping_status":"closed","template":"","meta":[],"product_brand":[],"product_cat":[56,55],"product_tag":[],"class_list":{"0":"post-1141","1":"product","2":"type-product","3":"status-publish","4":"has-post-thumbnail","6":"product_cat-bull-ca-2","7":"product_cat-embotit-cuit","9":"first","10":"instock","11":"taxable","12":"shipping-taxable","13":"purchasable","14":"product-type-simple"},"_links":{"self":[{"href":"https:\/\/www.embutidosmediterraneo.com\/ca\/wp-json\/wp\/v2\/product\/1141","targetHints":{"allow":["GET"]}}],"collection":[{"href":"https:\/\/www.embutidosmediterraneo.com\/ca\/wp-json\/wp\/v2\/product"}],"about":[{"href":"https:\/\/www.embutidosmediterraneo.com\/ca\/wp-json\/wp\/v2\/types\/product"}],"replies":[{"embeddable":true,"href":"https:\/\/www.embutidosmediterraneo.com\/ca\/wp-json\/wp\/v2\/comments?post=1141"}],"wp:featuredmedia":[{"embeddable":true,"href":"https:\/\/www.embutidosmediterraneo.com\/ca\/wp-json\/wp\/v2\/media\/1003"}],"wp:attachment":[{"href":"https:\/\/www.embutidosmediterraneo.com\/ca\/wp-json\/wp\/v2\/media?parent=1141"}],"wp:term":[{"taxonomy":"product_brand","embeddable":true,"href":"https:\/\/www.embutidosmediterraneo.com\/ca\/wp-json\/wp\/v2\/product_brand?post=1141"},{"taxonomy":"product_cat","embeddable":true,"href":"https:\/\/www.embutidosmediterraneo.com\/ca\/wp-json\/wp\/v2\/product_cat?post=1141"},{"taxonomy":"product_tag","embeddable":true,"href":"https:\/\/www.embutidosmediterraneo.com\/ca\/wp-json\/wp\/v2\/product_tag?post=1141"}],"curies":[{"name":"wp","href":"https:\/\/api.w.org\/{rel}","templated":true}]}}