{"id":1148,"date":"2025-03-06T14:52:43","date_gmt":"2025-03-06T13:52:43","guid":{"rendered":"https:\/\/www.embutidosmediterraneo.com\/producto\/botifarra-dou-amb-espinacs-panses-i-pinyons\/"},"modified":"2025-05-20T19:16:13","modified_gmt":"2025-05-20T17:16:13","slug":"botifarra-dou-amb-espinacs-panses-i-pinyons","status":"publish","type":"product","link":"https:\/\/www.embutidosmediterraneo.com\/ca\/producto\/botifarra-dou-amb-espinacs-panses-i-pinyons\/","title":{"rendered":"Botifarra d&#8217;Ou amb Espinacs, Panses i Pinyons"},"content":{"rendered":"<p>Les botifarres s\u00f3n productes tradicionals, cuits a la perfecci\u00f3 per mantenir la seva textura i sabor, elaborats amb la mateixa carn de porc seleccionada. Oferixen un equilibri entre tradici\u00f3 i qualitat. <\/p>\n<p>Incorporant ou en la seva elaboraci\u00f3, ofereix una textura especial, ideal per a aquells que busquen una opci\u00f3 rica en prote\u00efnes.<\/p>\n<p>1 unitat.<\/p>\n","protected":false},"excerpt":{"rendered":"<p>Incorporant ou en la seva elaboraci\u00f3, ofereix una textura especial, ideal per a aquells que busquen una opci\u00f3 rica en prote\u00efnes.<\/p>\n<p>1 unitat.<\/p>\n","protected":false},"featured_media":1111,"comment_status":"open","ping_status":"closed","template":"","meta":[],"product_brand":[],"product_cat":[55],"product_tag":[],"class_list":{"0":"post-1148","1":"product","2":"type-product","3":"status-publish","4":"has-post-thumbnail","6":"product_cat-embotit-cuit","8":"first","9":"instock","10":"taxable","11":"shipping-taxable","12":"purchasable","13":"product-type-simple"},"_links":{"self":[{"href":"https:\/\/www.embutidosmediterraneo.com\/ca\/wp-json\/wp\/v2\/product\/1148","targetHints":{"allow":["GET"]}}],"collection":[{"href":"https:\/\/www.embutidosmediterraneo.com\/ca\/wp-json\/wp\/v2\/product"}],"about":[{"href":"https:\/\/www.embutidosmediterraneo.com\/ca\/wp-json\/wp\/v2\/types\/product"}],"replies":[{"embeddable":true,"href":"https:\/\/www.embutidosmediterraneo.com\/ca\/wp-json\/wp\/v2\/comments?post=1148"}],"wp:featuredmedia":[{"embeddable":true,"href":"https:\/\/www.embutidosmediterraneo.com\/ca\/wp-json\/wp\/v2\/media\/1111"}],"wp:attachment":[{"href":"https:\/\/www.embutidosmediterraneo.com\/ca\/wp-json\/wp\/v2\/media?parent=1148"}],"wp:term":[{"taxonomy":"product_brand","embeddable":true,"href":"https:\/\/www.embutidosmediterraneo.com\/ca\/wp-json\/wp\/v2\/product_brand?post=1148"},{"taxonomy":"product_cat","embeddable":true,"href":"https:\/\/www.embutidosmediterraneo.com\/ca\/wp-json\/wp\/v2\/product_cat?post=1148"},{"taxonomy":"product_tag","embeddable":true,"href":"https:\/\/www.embutidosmediterraneo.com\/ca\/wp-json\/wp\/v2\/product_tag?post=1148"}],"curies":[{"name":"wp","href":"https:\/\/api.w.org\/{rel}","templated":true}]}}