{"id":1156,"date":"2025-02-01T17:36:47","date_gmt":"2025-02-01T16:36:47","guid":{"rendered":"https:\/\/www.embutidosmediterraneo.com\/producto\/botifarra-fresca-iberica\/"},"modified":"2025-05-20T19:17:54","modified_gmt":"2025-05-20T17:17:54","slug":"botifarra-fresca-iberica","status":"publish","type":"product","link":"https:\/\/www.embutidosmediterraneo.com\/ca\/producto\/botifarra-fresca-iberica\/","title":{"rendered":"Botifarra Fresca Ib\u00e8rica"},"content":{"rendered":"<p>Sabor gurmet, \u00e0nima ib\u00e8rica.<\/p>\n<p>Elaborada amb carn de porc ib\u00e8ric, \u00e9s sucosa, tendra i amb un sabor intens que enamora. Ideal per als que busquen el millor. <\/p>\n<p>Safata de 5 unitats.<\/p>\n","protected":false},"excerpt":{"rendered":"<p>Sabor gurmet, \u00e0nima ib\u00e8rica.<\/p>\n<p>Elaborada amb carn de porc ib\u00e8ric, \u00e9s sucosa, tendra i amb un sabor intens que enamora. Ideal per als que busquen el millor. <\/p>\n<p>Safata de 5 unitats.<\/p>\n","protected":false},"featured_media":1035,"comment_status":"open","ping_status":"closed","template":"","meta":[],"product_brand":[],"product_cat":[58,57],"product_tag":[],"class_list":{"0":"post-1156","1":"product","2":"type-product","3":"status-publish","4":"has-post-thumbnail","6":"product_cat-botifarres","7":"product_cat-embotit-fresc","9":"first","10":"instock","11":"taxable","12":"shipping-taxable","13":"purchasable","14":"product-type-simple"},"_links":{"self":[{"href":"https:\/\/www.embutidosmediterraneo.com\/ca\/wp-json\/wp\/v2\/product\/1156","targetHints":{"allow":["GET"]}}],"collection":[{"href":"https:\/\/www.embutidosmediterraneo.com\/ca\/wp-json\/wp\/v2\/product"}],"about":[{"href":"https:\/\/www.embutidosmediterraneo.com\/ca\/wp-json\/wp\/v2\/types\/product"}],"replies":[{"embeddable":true,"href":"https:\/\/www.embutidosmediterraneo.com\/ca\/wp-json\/wp\/v2\/comments?post=1156"}],"wp:featuredmedia":[{"embeddable":true,"href":"https:\/\/www.embutidosmediterraneo.com\/ca\/wp-json\/wp\/v2\/media\/1035"}],"wp:attachment":[{"href":"https:\/\/www.embutidosmediterraneo.com\/ca\/wp-json\/wp\/v2\/media?parent=1156"}],"wp:term":[{"taxonomy":"product_brand","embeddable":true,"href":"https:\/\/www.embutidosmediterraneo.com\/ca\/wp-json\/wp\/v2\/product_brand?post=1156"},{"taxonomy":"product_cat","embeddable":true,"href":"https:\/\/www.embutidosmediterraneo.com\/ca\/wp-json\/wp\/v2\/product_cat?post=1156"},{"taxonomy":"product_tag","embeddable":true,"href":"https:\/\/www.embutidosmediterraneo.com\/ca\/wp-json\/wp\/v2\/product_tag?post=1156"}],"curies":[{"name":"wp","href":"https:\/\/api.w.org\/{rel}","templated":true}]}}