{"id":1161,"date":"2025-01-18T08:40:56","date_gmt":"2025-01-18T07:40:56","guid":{"rendered":"https:\/\/www.embutidosmediterraneo.com\/producto\/xistorra\/"},"modified":"2025-05-20T19:36:56","modified_gmt":"2025-05-20T17:36:56","slug":"xistorra","status":"publish","type":"product","link":"https:\/\/www.embutidosmediterraneo.com\/ca\/producto\/xistorra\/","title":{"rendered":"Xistorra"},"content":{"rendered":"<p>Elaborada amb carn seleccionada i esp\u00e8cies naturals, sense additius ni conservants.<br \/>\nAquesta xistorra es caracteritza per ser delicada i suau al paladar. Un producte exclusiu amb un sabor \u00fanic, aut\u00e8ntic i un toc de tradici\u00f3.<\/p>\n<p>1 unitat.<\/p>\n","protected":false},"excerpt":{"rendered":"<p>Elaborada amb carn seleccionada i esp\u00e8cies naturals, sense additius ni conservants.<br \/>\nAquesta xistorra es caracteritza per ser delicada i suau al paladar. Un producte exclusiu amb un sabor \u00fanic, aut\u00e8ntic i un toc de tradici\u00f3.<\/p>\n<p>1 unitat.<\/p>\n","protected":false},"featured_media":971,"comment_status":"open","ping_status":"closed","template":"","meta":[],"product_brand":[],"product_cat":[57],"product_tag":[],"class_list":{"0":"post-1161","1":"product","2":"type-product","3":"status-publish","4":"has-post-thumbnail","6":"product_cat-embotit-fresc","8":"first","9":"instock","10":"taxable","11":"shipping-taxable","12":"purchasable","13":"product-type-simple"},"_links":{"self":[{"href":"https:\/\/www.embutidosmediterraneo.com\/ca\/wp-json\/wp\/v2\/product\/1161","targetHints":{"allow":["GET"]}}],"collection":[{"href":"https:\/\/www.embutidosmediterraneo.com\/ca\/wp-json\/wp\/v2\/product"}],"about":[{"href":"https:\/\/www.embutidosmediterraneo.com\/ca\/wp-json\/wp\/v2\/types\/product"}],"replies":[{"embeddable":true,"href":"https:\/\/www.embutidosmediterraneo.com\/ca\/wp-json\/wp\/v2\/comments?post=1161"}],"wp:featuredmedia":[{"embeddable":true,"href":"https:\/\/www.embutidosmediterraneo.com\/ca\/wp-json\/wp\/v2\/media\/971"}],"wp:attachment":[{"href":"https:\/\/www.embutidosmediterraneo.com\/ca\/wp-json\/wp\/v2\/media?parent=1161"}],"wp:term":[{"taxonomy":"product_brand","embeddable":true,"href":"https:\/\/www.embutidosmediterraneo.com\/ca\/wp-json\/wp\/v2\/product_brand?post=1161"},{"taxonomy":"product_cat","embeddable":true,"href":"https:\/\/www.embutidosmediterraneo.com\/ca\/wp-json\/wp\/v2\/product_cat?post=1161"},{"taxonomy":"product_tag","embeddable":true,"href":"https:\/\/www.embutidosmediterraneo.com\/ca\/wp-json\/wp\/v2\/product_tag?post=1161"}],"curies":[{"name":"wp","href":"https:\/\/api.w.org\/{rel}","templated":true}]}}