{"id":1163,"date":"2025-03-06T14:56:34","date_gmt":"2025-03-06T13:56:34","guid":{"rendered":"https:\/\/www.embutidosmediterraneo.com\/producto\/xorico-mini\/"},"modified":"2025-05-20T19:15:57","modified_gmt":"2025-05-20T17:15:57","slug":"xorico-mini","status":"publish","type":"product","link":"https:\/\/www.embutidosmediterraneo.com\/ca\/producto\/xorico-mini\/","title":{"rendered":"Xori\u00e7o Mini"},"content":{"rendered":"<p>Perfecte per a un delici\u00f3s aperitiu.<\/p>\n<p>De textura suau i sabor delicat, el nostre xori\u00e7o \u00e9s l&#8217;exemple perfecte de com la qualitat de la mat\u00e8ria primera i el respecte pel proc\u00e9s de curat es tradueixen en un producte superior.<\/p>\n<p>10 unitats.<\/p>\n","protected":false},"excerpt":{"rendered":"<p>Perfecte per a un delici\u00f3s aperitiu.<\/p>\n<p>De textura suau i sabor delicat, el nostre xori\u00e7o \u00e9s l&#8217;exemple perfecte de com la qualitat de la mat\u00e8ria primera i el respecte pel proc\u00e9s de curat es tradueixen en un producte superior.<\/p>\n<p>10 unitats.<\/p>\n","protected":false},"featured_media":979,"comment_status":"open","ping_status":"closed","template":"","meta":[],"product_brand":[],"product_cat":[57],"product_tag":[],"class_list":{"0":"post-1163","1":"product","2":"type-product","3":"status-publish","4":"has-post-thumbnail","6":"product_cat-embotit-fresc","8":"first","9":"instock","10":"taxable","11":"shipping-taxable","12":"purchasable","13":"product-type-simple"},"_links":{"self":[{"href":"https:\/\/www.embutidosmediterraneo.com\/ca\/wp-json\/wp\/v2\/product\/1163","targetHints":{"allow":["GET"]}}],"collection":[{"href":"https:\/\/www.embutidosmediterraneo.com\/ca\/wp-json\/wp\/v2\/product"}],"about":[{"href":"https:\/\/www.embutidosmediterraneo.com\/ca\/wp-json\/wp\/v2\/types\/product"}],"replies":[{"embeddable":true,"href":"https:\/\/www.embutidosmediterraneo.com\/ca\/wp-json\/wp\/v2\/comments?post=1163"}],"wp:featuredmedia":[{"embeddable":true,"href":"https:\/\/www.embutidosmediterraneo.com\/ca\/wp-json\/wp\/v2\/media\/979"}],"wp:attachment":[{"href":"https:\/\/www.embutidosmediterraneo.com\/ca\/wp-json\/wp\/v2\/media?parent=1163"}],"wp:term":[{"taxonomy":"product_brand","embeddable":true,"href":"https:\/\/www.embutidosmediterraneo.com\/ca\/wp-json\/wp\/v2\/product_brand?post=1163"},{"taxonomy":"product_cat","embeddable":true,"href":"https:\/\/www.embutidosmediterraneo.com\/ca\/wp-json\/wp\/v2\/product_cat?post=1163"},{"taxonomy":"product_tag","embeddable":true,"href":"https:\/\/www.embutidosmediterraneo.com\/ca\/wp-json\/wp\/v2\/product_tag?post=1163"}],"curies":[{"name":"wp","href":"https:\/\/api.w.org\/{rel}","templated":true}]}}